{"id":509,"date":"2022-05-31T14:13:26","date_gmt":"2022-05-31T12:13:26","guid":{"rendered":"http:\/\/newadventure.thebeautyofmarketing.de\/?page_id=509"},"modified":"2025-05-15T16:46:56","modified_gmt":"2025-05-15T14:46:56","slug":"impressum","status":"publish","type":"page","link":"https:\/\/newadventure.at\/en\/impressum\/","title":{"rendered":"Imprint"},"content":{"rendered":"<div data-elementor-type=\"wp-page\" data-elementor-id=\"509\" class=\"elementor elementor-509\" data-elementor-settings=\"{&quot;ha_cmc_init_switcher&quot;:&quot;no&quot;}\" data-elementor-post-type=\"page\">\n\t\t\t\t\t\t<section class=\"elementor-section elementor-top-section elementor-element elementor-element-2eb0cd3 elementor-section-boxed elementor-section-height-default elementor-section-height-default\" data-id=\"2eb0cd3\" data-element_type=\"section\" data-e-type=\"section\" data-settings=\"{&quot;background_background&quot;:&quot;classic&quot;}\">\n\t\t\t\t\t\t<div class=\"elementor-container elementor-column-gap-default\">\n\t\t\t\t\t<div class=\"elementor-column elementor-col-100 elementor-top-column elementor-element elementor-element-ba380b4\" data-id=\"ba380b4\" data-element_type=\"column\" data-e-type=\"column\" data-settings=\"{&quot;background_background&quot;:&quot;gradient&quot;}\">\n\t\t\t<div class=\"elementor-widget-wrap elementor-element-populated\">\n\t\t\t\t\t\t<div class=\"elementor-element elementor-element-cc96da1 elementor-widget elementor-widget-heading\" data-id=\"cc96da1\" data-element_type=\"widget\" data-e-type=\"widget\" data-widget_type=\"heading.default\">\n\t\t\t\t<div class=\"elementor-widget-container\">\n\t\t\t\t\t<h1 class=\"elementor-heading-title elementor-size-default\">Imprint<\/h1>\t\t\t\t<\/div>\n\t\t\t\t<\/div>\n\t\t\t\t\t<\/div>\n\t\t<\/div>\n\t\t\t\t\t<\/div>\n\t\t<\/section>\n\t\t\t\t<section class=\"elementor-section elementor-top-section elementor-element elementor-element-864d607 elementor-section-boxed elementor-section-height-default elementor-section-height-default\" data-id=\"864d607\" data-element_type=\"section\" data-e-type=\"section\">\n\t\t\t\t\t\t<div class=\"elementor-container elementor-column-gap-default\">\n\t\t\t\t\t<div class=\"elementor-column elementor-col-100 elementor-top-column elementor-element elementor-element-983e590\" data-id=\"983e590\" data-element_type=\"column\" data-e-type=\"column\">\n\t\t\t<div class=\"elementor-widget-wrap elementor-element-populated\">\n\t\t\t\t\t\t<div class=\"elementor-element elementor-element-c232fca elementor-widget elementor-widget-text-editor\" data-id=\"c232fca\" data-element_type=\"widget\" data-e-type=\"widget\" data-widget_type=\"text-editor.default\">\n\t\t\t\t<div class=\"elementor-widget-container\">\n\t\t\t\t\t\t\t\t\t<div><h2>Responsible for the content<\/h2><div><p>CHRISTOPH PIXNER<br \/>Panoramastra\u00dfe 34<br \/>6450 S\u00f6lden<\/p><h2>Contact<\/h2><p>Telefon: +43 664 4675968<br \/>E-Mail: info@newadventure.at<\/p><p><span style=\"background-color: var( --e-global-color-a118909 ); color: var( --e-global-color-primary ); font-family: var( --e-global-typography-primary-font-family ), Sans-serif; font-size: var( --e-global-typography-primary-font-size ); font-weight: var( --e-global-typography-primary-font-weight );\">\u00a0<\/span><\/p><\/div><\/div><div><h2>WEB CONCEPT, DESIGN &amp; PROGRAMMING<\/h2><div><p>The Beauty of Marketing<br \/>Ohmstr. 14a<br \/>80802 M\u00fcnchen<br \/>Deutschland<br \/>+49 152 54614789<br \/>info@thebeautyofmarketing.de<br \/><a href=\"http:\/\/www.thebeautyofmarketing.de\/\">www.thebeautyofmarketing.de<\/a><\/p><p>Digital Neukunden<br \/>Dorfstra\u00dfe 28<br \/>21407 Deutsch Evern<br \/>+49 0 4131 927 90 660<br \/>kontakt@digital-neukunden.de\u00a0<br \/><a href=\"https:\/\/digital-neukunden.de\/\">https:\/\/digital-neukunden.de\/<\/a><\/p><p><strong>IMAGE SOURCES:<\/strong><\/p><p>\u00a9 Photos: \u00d6tztal Tourismus \u2013 Rudi Wyhlidal \u2013 Wolfgang Watzke<br \/>Own recordings Christoph Pixner<br \/>\u00a9 Photos: Envato<\/p><\/div><\/div>\t\t\t\t\t\t\t\t<\/div>\n\t\t\t\t<\/div>\n\t\t\t\t\t<\/div>\n\t\t<\/div>\n\t\t\t\t\t<\/div>\n\t\t<\/section>\n\t\t\t\t<\/div>","protected":false},"excerpt":{"rendered":"<p>Impressum F\u00dcR DEN INHALT VERANTWORTLICH CHRISTOPH PIXNERPanoramastra\u00dfe 346450 S\u00f6lden Kontakt Telefon: +43 664 4675968E-Mail: info@newadventure.at \u00a0 WEB-KONZEPT, DESIGN &amp; Programmierung The Beauty of MarketingOhmstr. 14a80802 M\u00fcnchenDeutschland+49 152 54614789info@thebeautyofmarketing.dewww.thebeautyofmarketing.de Digital NeukundenDorfstra\u00dfe 2821407 Deutsch Evern+49 0 4131 927 90 660kontakt@digital-neukunden.de\u00a0https:\/\/digital-neukunden.de\/ BILDQUELLEN: \u00a9 Fotos: \u00d6tztal Tourismus \u2013 Rudi Wyhlidal \u2013 Wolfgang WatzkeEigenaufnahmen\u00a0Christoph Pixner\u00a9 Fotos: Envato<\/p>","protected":false},"author":1,"featured_media":0,"parent":0,"menu_order":0,"comment_status":"closed","ping_status":"closed","template":"elementor_header_footer","meta":{"footnotes":""},"class_list":["post-509","page","type-page","status-publish","hentry"],"_links":{"self":[{"href":"https:\/\/newadventure.at\/en\/wp-json\/wp\/v2\/pages\/509","targetHints":{"allow":["GET"]}}],"collection":[{"href":"https:\/\/newadventure.at\/en\/wp-json\/wp\/v2\/pages"}],"about":[{"href":"https:\/\/newadventure.at\/en\/wp-json\/wp\/v2\/types\/page"}],"author":[{"embeddable":true,"href":"https:\/\/newadventure.at\/en\/wp-json\/wp\/v2\/users\/1"}],"replies":[{"embeddable":true,"href":"https:\/\/newadventure.at\/en\/wp-json\/wp\/v2\/comments?post=509"}],"version-history":[{"count":10,"href":"https:\/\/newadventure.at\/en\/wp-json\/wp\/v2\/pages\/509\/revisions"}],"predecessor-version":[{"id":978,"href":"https:\/\/newadventure.at\/en\/wp-json\/wp\/v2\/pages\/509\/revisions\/978"}],"wp:attachment":[{"href":"https:\/\/newadventure.at\/en\/wp-json\/wp\/v2\/media?parent=509"}],"curies":[{"name":"wp","href":"https:\/\/api.w.org\/{rel}","templated":true}]}}